{"id":1346,"date":"2025-10-02T14:07:37","date_gmt":"2025-10-02T21:07:37","guid":{"rendered":"https:\/\/theatromarrake.wpenginepowered.com\/epicurien\/?page_id=1346"},"modified":"2026-04-02T16:49:41","modified_gmt":"2026-04-02T23:49:41","slug":"venues","status":"publish","type":"page","link":"https:\/\/www.theatromarrakech.com\/epicurien\/venues\/","title":{"rendered":"Lieux"},"content":{"rendered":"\n<style>.uvsec-block_c2ad5cca6de5646d0ce8bf2b8fafd022{padding-bottom: 100px;}@media (max-width: 600px){.uvsec-block_c2ad5cca6de5646d0ce8bf2b8fafd022{padding-top: 40px;padding-bottom: 40px;}}<\/style><div id=\"block_c2ad5cca6de5646d0ce8bf2b8fafd022\" class=\"uvsec-block_c2ad5cca6de5646d0ce8bf2b8fafd022 uv-section uv-align-normal uv-color-sch-normal  uv-section-overbanner\"  data-aos='fade-up' data-aos-once='true' data-aos-easing='ease-in-out' data-aos-duration='500' >\n    <div class=\"uv-section-inner\">\n        <div class=\"acf-innerblocks-container\">\n<div id='block_41ab4f5bf789f0c512ea08f12e7e7718' class='uv-cta-images uv-cta-nimages-2 uv-img-textoverlay uv-flex-col uv-text-normal uv-align-center ' ><div class='uv-cta-image view-type-tall-rectangle-vertical'><a href='https:\/\/www.theatromarrakech.com\/' class='uv-link ' aria-label='Theatro (Opens in a new tab)' role='button' tabindex='0' target='_blank'><div class='uv-imghover' aria-hidden='true'><img class='uv-lazyimage' src='https:\/\/www.theatromarrakech.com\/epicurien\/wp-content\/uploads\/sites\/2\/2026\/01\/venue-theatro.jpg' data-src='https:\/\/www.theatromarrakech.com\/epicurien\/wp-content\/uploads\/sites\/2\/2026\/01\/venue-theatro.jpg' alt='venue-theatro' tabindex='-1' role='presentation'><\/div><div class='uv-text uv-overlay' style='background-color: rgba(0, 0, 0, 0); color: #000000;'><h2>Theatro<\/h2><\/div><\/a><\/div><div class='uv-cta-image view-type-tall-rectangle-vertical'><a href='\/bckstg\/' class='uv-link ' aria-label='BCKSTG (Opens in a new tab)' role='button' tabindex='0' target='_blank'><div class='uv-imghover' aria-hidden='true'><img class='uv-lazyimage' src='https:\/\/www.theatromarrakech.com\/epicurien\/wp-content\/uploads\/sites\/2\/2026\/01\/venue-bckstg.jpg' data-src='https:\/\/www.theatromarrakech.com\/epicurien\/wp-content\/uploads\/sites\/2\/2026\/01\/venue-bckstg.jpg' alt='venue-bckstg' tabindex='-1' role='presentation'><\/div><div class='uv-text uv-overlay' style='background-color: rgba(0, 0, 0, 0); color: #000000;'><h2>BCKSTG<\/h2><\/div><\/a><\/div><div class='uv-cta-image view-type-tall-rectangle-vertical'><a href='#' class='uvjs-scrollto uv-open-modal' aria-label='Jardin Bonheur ' role='button' tabindex='0' target='' data-imgurl='https:\/\/www.theatromarrakech.com\/epicurien\/wp-content\/uploads\/sites\/2\/2026\/01\/jardin-scaled.jpg' data-imagealt='jardin' data-label='Nightlife venues' data-title='Jardin Bonheur' data-content='&lt;p&gt;&lt;span style=&quot;font-weight: 400;&quot;&gt;Jardin Bonheur est un espace luxuriant o\u00f9 se m\u00ealent cocktails signatures, petites bouch\u00e9es et moments ludiques entre amis.&lt;\/span&gt;&lt;span style=&quot;font-weight: 400;&quot;&gt;&lt;br \/&gt;\n&lt;\/span&gt;&lt;span style=&quot;font-weight: 400;&quot;&gt;Convivial, raffin\u00e9 et d\u00e9contract\u00e9, il offre une ambiance chaleureuse o\u00f9 chaque soir\u00e9e devient un souvenir \u00e0 savourer.&lt;\/span&gt;&lt;span style=&quot;font-weight: 400;&quot;&gt;&lt;br \/&gt;\n&lt;\/span&gt;&lt;span style=&quot;font-weight: 400;&quot;&gt;Ouvert tous les soirs d\u00e8s 18h00 (selon la m\u00e9t\u00e9o)&lt;\/span&gt;&lt;\/p&gt;\n'><div class='uv-imghover' aria-hidden='true'><img class='uv-lazyimage' src='https:\/\/www.theatromarrakech.com\/epicurien\/wp-content\/uploads\/sites\/2\/2026\/01\/jardin-scaled.jpg' data-src='https:\/\/www.theatromarrakech.com\/epicurien\/wp-content\/uploads\/sites\/2\/2026\/01\/jardin-scaled.jpg' alt='jardin' tabindex='-1' role='presentation'><\/div><div class='uv-text uv-overlay' style='background-color: rgba(0, 0, 0, 0); color: #000000;'><h2>Jardin Bonheur<\/h2><\/div><\/a><\/div><div class='uv-cta-image view-type-tall-rectangle-vertical'><a href='#' class='uvjs-scrollto uv-open-modal' aria-label='Casino de Marrakech ' role='button' tabindex='0' target='' data-imgurl='https:\/\/www.theatromarrakech.com\/epicurien\/wp-content\/uploads\/sites\/2\/2026\/01\/casino_table_game_chips_and_playing_cards.jpg' data-imagealt='Close-up of players\u2019 hands holding cards and poker chips at a casino blackjack table' data-label='Nightlife venues' data-title='Casino de Marrakech' data-content='&lt;p&gt;&lt;span style=&quot;font-weight: 400;&quot;&gt;Lieu embl\u00e9matique offrant jeux de table et machines \u00e0 sous, le Casino de Marrakech est \u00e9galement r\u00e9put\u00e9 pour ses prestigieux tournois de poker. Son atmosph\u00e8re feutr\u00e9e promet une exp\u00e9rience de jeu incontournable.&lt;\/span&gt;&lt;span style=&quot;font-weight: 400;&quot;&gt;&lt;br \/&gt;\n&lt;\/span&gt;&lt;span style=&quot;font-weight: 400;&quot;&gt;Ouvert tous les jours d\u00e8s 14h00&lt;\/span&gt;&lt;\/p&gt;\n'><div class='uv-imghover' aria-hidden='true'><img class='uv-lazyimage' src='https:\/\/www.theatromarrakech.com\/epicurien\/wp-content\/uploads\/sites\/2\/2026\/01\/casino_blackjack_table_cards_chips.jpg' data-src='https:\/\/www.theatromarrakech.com\/epicurien\/wp-content\/uploads\/sites\/2\/2026\/01\/casino_blackjack_table_cards_chips.jpg' alt='' tabindex='-1' role='presentation'><\/div><div class='uv-text uv-overlay' style='background-color: rgba(0, 0, 0, 0); color: #000000;'><h2>Casino de Marrakech<\/h2><\/div><\/a><\/div><\/div><script>   \/\/ Modal functionality\n    document.addEventListener('DOMContentLoaded', function () {\n        console.log(\"test\");\n        const modalLinks = document.querySelectorAll('.uv-open-modal');\n        console.log(\"modalLinks found: \", modalLinks);\n        modalLinks.forEach(link => {\n            link.addEventListener('click', function (e) {\n                e.preventDefault();\n\n                const imgUrl = this.getAttribute('data-imgurl');\n                const imgAlt = this.getAttribute('data-imagealt');\n                const label = this.getAttribute('data-label');\n                const title = this.getAttribute('data-title');\n                const content = this.getAttribute('data-content');\n\n                openModal(imgUrl, imgAlt, label, title, content);\n            });\n        });\n    });\n\n    function openModal(imgUrl, imgAlt, label, title, content) {\n        let modalHTML = `\n                <div class=\"uv-modal-overlay\" id=\"uvModal\">\n                    <div class=\"uv-modal-container\">\n                        <button class=\"uv-modal-close\" onclick=\"closeModal()\" aria-label=\"Close modal\">\n                            <svg width=\"24\" height=\"24\" viewBox=\"0 0 24 24\" fill=\"none\" stroke=\"currentColor\" stroke-width=\"2\">\n                                <line x1=\"18\" y1=\"6\" x2=\"6\" y2=\"18\"><\/line>\n                                <line x1=\"6\" y1=\"6\" x2=\"18\" y2=\"18\"><\/line>\n                            <\/svg>\n                        <\/button>\n                        <div class=\"uv-modal-content\">\n                            <div class=\"uv-modal-image\">\n                                ${imgUrl ? `<img decoding=\"async\" src=\"${imgUrl}\" alt=\"${imgAlt}\" \/>` : ''}\n                            <\/div>\n                            <div class=\"uv-modal-text\">\n                                ${label ? `<div class=\"uv-modal-category\">${label}<\/div>` : ''}\n                                ${title ? `<h2 class=\"uv-modal-title\">${title}<\/h2>` : ''}\n                                ${content ? `<div class=\"uv-modal-body\">${content}<\/div>` : ''}\n                            <\/div>\n                        <\/div>\n                    <\/div>\n                <\/div>\n            `;\n\n        document.body.insertAdjacentHTML('beforeend', modalHTML);\n        document.body.style.overflow = 'hidden';\n    }\n\n    function closeModal() {\n        const modal = document.getElementById('uvModal');\n        if (modal) {\n            modal.remove();\n            document.body.style.overflow = '';\n        }\n    }\n\n    document.addEventListener('click', function (e) {\n        if (e.target.classList.contains('uv-modal-overlay')) {\n            closeModal();\n        }\n    });\n<\/script>\n<style>\n    #block_41ab4f5bf789f0c512ea08f12e7e7718 h2 {\n                    font-size:\n                                px;\n                    }\n\n    \/* Modal Styles *\/\n    .uv-modal-overlay {\n        position: fixed;\n        top: 0;\n        left: 0;\n        width: 100%;\n        height: 100%;\n        background: rgba(0, 0, 0, 0.95);\n        display: flex;\n        align-items: center;\n        justify-content: center;\n        z-index: 9999;\n        padding: 20px;\n    }\n\n    .uv-modal-container {\n        position: relative;\n        max-width: 1400px;\n        width: 100%;\n        max-height: 90vh;\n    }\n\n    .uv-modal-close {\n      position: absolute;\n  top: 10px;\n  right: 10px;\n  background: transparent;\n  border: none;\n  color: #fff;\n  font-size: 32px;\n  cursor: pointer;\n  z-index: 10;\n  padding: 10px;\n  transition: opacity 0.3s;\n  width: 45px;\n  height: 45px;\n  display: flex;\n    }\n\n    .uv-modal-close:hover {\n        opacity: 0.7;\n    }\n\n    .uv-modal-content {\n        display: grid;\n        grid-template-columns: 1fr 1fr;\n        gap: 0;\n        background: #000;\n        overflow: hidden;\n        max-height: 90vh;\n    }\n\n    .uv-modal-image {\n        position: relative;\n        overflow: hidden;\n        padding: 50px;\n        aspect-ratio: 1.3;\n        margin: auto;\n    }\n\n    .uv-modal-image img {\n        width: 100%;\n        height: 100%;\n        object-fit: cover;\n        display: block;\n    }\n\n    .uv-modal-text {\n        padding: 60px 80px;\n        color: #fff;\n        display: flex;\n        flex-direction: column;\n        justify-content: center;\n        overflow-y: auto;\n    }\n\n    .uv-modal-category {\n        color: #BFBFBF;\n        font-family: Lato;\n        font-weight: 300;\n        font-size: 18px;\n        line-height: 45px;\n        letter-spacing: 5px;\n        text-transform: uppercase;\n    }\n\n    .uv-modal-title {\n        margin: 0 0 10px;\n        color: #ffffff;\n        font-family: Lato;\n        font-weight: 800;\n        font-size: 38px;\n        line-height: 45px;\n        letter-spacing: 5px;\n        text-transform: uppercase;\n\n    }\n\n    .uv-modal-body {\n        color: #A8A8A8;\n    }\n\n    .uv-modal-body p {\n        margin-bottom: 20px;\n    }\n\n    .uv-modal-body img {\n        max-width: 100%;\n        height: auto;\n        margin: 20px 0;\n    }\n\n    .uv-modal-body ul,\n    .uv-modal-body ol {\n        padding-left: 20px;\n        margin-bottom: 20px;\n    }\n\n    @media (max-width: 768px) {\n        .uv-modal-content {\n            grid-template-columns: 1fr;\n            max-height: 85vh;\n        }\n\n        .uv-modal-image {\n            max-height: 40vh;\n        }\n\n        .uv-modal-text {\n            padding: 40px 30px;\n        }\n\n        .uv-modal-title {\n            font-size: 32px;\n        }\n\n        .uv-modal-close {\n            top: 10px;\n            right: 10px;\n        }\n    }\n<\/style>\n<\/div>\n    <\/div>\n\n    \n    <\/div>\n\n","protected":false},"excerpt":{"rendered":"","protected":false},"author":10,"featured_media":0,"parent":0,"menu_order":0,"comment_status":"closed","ping_status":"closed","template":"","meta":{"_acf_changed":true,"footnotes":""},"class_list":["post-1346","page","type-page","status-publish","hentry"],"yoast_head":"<!-- This site is optimized with the Yoast SEO plugin v26.7 - https:\/\/yoast.com\/wordpress\/plugins\/seo\/ -->\n<title>Lieux \u2013 Epicurien Marrakech | Essaadi<\/title>\n<meta name=\"description\" content=\"D\u00e9couvrez les espaces d\u2019Epicurien \u00e0 Marrakech : salle, bar, lounge et ambiances uniques au Palais Essaadi.\" \/>\n<meta name=\"robots\" content=\"index, follow, max-snippet:-1, max-image-preview:large, max-video-preview:-1\" \/>\n<link rel=\"canonical\" href=\"https:\/\/www.theatromarrakech.com\/epicurien\/venues\/\" \/>\n<meta property=\"og:locale\" content=\"en_US\" \/>\n<meta property=\"og:type\" content=\"article\" \/>\n<meta property=\"og:title\" content=\"Lieux \u2013 Epicurien Marrakech | Essaadi\" \/>\n<meta property=\"og:description\" content=\"D\u00e9couvrez les espaces d\u2019Epicurien \u00e0 Marrakech : salle, bar, lounge et ambiances uniques au Palais Essaadi.\" \/>\n<meta property=\"og:url\" content=\"https:\/\/www.theatromarrakech.com\/epicurien\/venues\/\" \/>\n<meta property=\"og:site_name\" content=\"Epicurien\" \/>\n<meta property=\"article:publisher\" content=\"https:\/\/www.facebook.com\/epicurien.marrakech\/\" \/>\n<meta property=\"article:modified_time\" content=\"2026-04-02T23:49:41+00:00\" \/>\n<meta name=\"twitter:card\" content=\"summary_large_image\" \/>\n<meta name=\"twitter:site\" content=\"@epicurien_kech\" \/>\n<script type=\"application\/ld+json\" class=\"yoast-schema-graph\">{\"@context\":\"https:\/\/schema.org\",\"@graph\":[{\"@type\":\"WebPage\",\"@id\":\"https:\/\/www.theatromarrakech.com\/epicurien\/venues\/\",\"url\":\"https:\/\/www.theatromarrakech.com\/epicurien\/venues\/\",\"name\":\"Lieux \u2013 Epicurien Marrakech | Essaadi\",\"isPartOf\":{\"@id\":\"https:\/\/www.theatromarrakech.com\/epicurien\/#website\"},\"datePublished\":\"2025-10-02T21:07:37+00:00\",\"dateModified\":\"2026-04-02T23:49:41+00:00\",\"description\":\"D\u00e9couvrez les espaces d\u2019Epicurien \u00e0 Marrakech : salle, bar, lounge et ambiances uniques au Palais Essaadi.\",\"breadcrumb\":{\"@id\":\"https:\/\/www.theatromarrakech.com\/epicurien\/venues\/#breadcrumb\"},\"inLanguage\":\"en-US\",\"potentialAction\":[{\"@type\":\"ReadAction\",\"target\":[\"https:\/\/www.theatromarrakech.com\/epicurien\/venues\/\"]}]},{\"@type\":\"BreadcrumbList\",\"@id\":\"https:\/\/www.theatromarrakech.com\/epicurien\/venues\/#breadcrumb\",\"itemListElement\":[{\"@type\":\"ListItem\",\"position\":1,\"name\":\"Home\",\"item\":\"https:\/\/www.theatromarrakech.com\/epicurien\/\"},{\"@type\":\"ListItem\",\"position\":2,\"name\":\"Lieux\"}]},{\"@type\":\"WebSite\",\"@id\":\"https:\/\/www.theatromarrakech.com\/epicurien\/#website\",\"url\":\"https:\/\/www.theatromarrakech.com\/epicurien\/\",\"name\":\"Epicurien\",\"description\":\"\",\"publisher\":{\"@id\":\"https:\/\/www.theatromarrakech.com\/epicurien\/#organization\"},\"potentialAction\":[{\"@type\":\"SearchAction\",\"target\":{\"@type\":\"EntryPoint\",\"urlTemplate\":\"https:\/\/www.theatromarrakech.com\/epicurien\/?s={search_term_string}\"},\"query-input\":{\"@type\":\"PropertyValueSpecification\",\"valueRequired\":true,\"valueName\":\"search_term_string\"}}],\"inLanguage\":\"en-US\"},{\"@type\":\"Organization\",\"@id\":\"https:\/\/www.theatromarrakech.com\/epicurien\/#organization\",\"name\":\"Epicurien\",\"url\":\"https:\/\/www.theatromarrakech.com\/epicurien\/\",\"logo\":{\"@type\":\"ImageObject\",\"inLanguage\":\"en-US\",\"@id\":\"https:\/\/www.theatromarrakech.com\/epicurien\/#\/schema\/logo\/image\/\",\"url\":\"https:\/\/www.theatromarrakech.com\/epicurien\/wp-content\/uploads\/sites\/2\/2026\/01\/logo_epecurien-scaled-e1768368028657.png\",\"contentUrl\":\"https:\/\/www.theatromarrakech.com\/epicurien\/wp-content\/uploads\/sites\/2\/2026\/01\/logo_epecurien-scaled-e1768368028657.png\",\"width\":200,\"height\":47,\"caption\":\"Epicurien\"},\"image\":{\"@id\":\"https:\/\/www.theatromarrakech.com\/epicurien\/#\/schema\/logo\/image\/\"},\"sameAs\":[\"https:\/\/www.facebook.com\/epicurien.marrakech\/\",\"https:\/\/x.com\/epicurien_kech\"]}]}<\/script>\n<!-- \/ Yoast SEO plugin. -->","yoast_head_json":{"title":"Lieux \u2013 Epicurien Marrakech | Essaadi","description":"D\u00e9couvrez les espaces d\u2019Epicurien \u00e0 Marrakech : salle, bar, lounge et ambiances uniques au Palais Essaadi.","robots":{"index":"index","follow":"follow","max-snippet":"max-snippet:-1","max-image-preview":"max-image-preview:large","max-video-preview":"max-video-preview:-1"},"canonical":"https:\/\/www.theatromarrakech.com\/epicurien\/venues\/","og_locale":"en_US","og_type":"article","og_title":"Lieux \u2013 Epicurien Marrakech | Essaadi","og_description":"D\u00e9couvrez les espaces d\u2019Epicurien \u00e0 Marrakech : salle, bar, lounge et ambiances uniques au Palais Essaadi.","og_url":"https:\/\/www.theatromarrakech.com\/epicurien\/venues\/","og_site_name":"Epicurien","article_publisher":"https:\/\/www.facebook.com\/epicurien.marrakech\/","article_modified_time":"2026-04-02T23:49:41+00:00","twitter_card":"summary_large_image","twitter_site":"@epicurien_kech","schema":{"@context":"https:\/\/schema.org","@graph":[{"@type":"WebPage","@id":"https:\/\/www.theatromarrakech.com\/epicurien\/venues\/","url":"https:\/\/www.theatromarrakech.com\/epicurien\/venues\/","name":"Lieux \u2013 Epicurien Marrakech | Essaadi","isPartOf":{"@id":"https:\/\/www.theatromarrakech.com\/epicurien\/#website"},"datePublished":"2025-10-02T21:07:37+00:00","dateModified":"2026-04-02T23:49:41+00:00","description":"D\u00e9couvrez les espaces d\u2019Epicurien \u00e0 Marrakech : salle, bar, lounge et ambiances uniques au Palais Essaadi.","breadcrumb":{"@id":"https:\/\/www.theatromarrakech.com\/epicurien\/venues\/#breadcrumb"},"inLanguage":"en-US","potentialAction":[{"@type":"ReadAction","target":["https:\/\/www.theatromarrakech.com\/epicurien\/venues\/"]}]},{"@type":"BreadcrumbList","@id":"https:\/\/www.theatromarrakech.com\/epicurien\/venues\/#breadcrumb","itemListElement":[{"@type":"ListItem","position":1,"name":"Home","item":"https:\/\/www.theatromarrakech.com\/epicurien\/"},{"@type":"ListItem","position":2,"name":"Lieux"}]},{"@type":"WebSite","@id":"https:\/\/www.theatromarrakech.com\/epicurien\/#website","url":"https:\/\/www.theatromarrakech.com\/epicurien\/","name":"Epicurien","description":"","publisher":{"@id":"https:\/\/www.theatromarrakech.com\/epicurien\/#organization"},"potentialAction":[{"@type":"SearchAction","target":{"@type":"EntryPoint","urlTemplate":"https:\/\/www.theatromarrakech.com\/epicurien\/?s={search_term_string}"},"query-input":{"@type":"PropertyValueSpecification","valueRequired":true,"valueName":"search_term_string"}}],"inLanguage":"en-US"},{"@type":"Organization","@id":"https:\/\/www.theatromarrakech.com\/epicurien\/#organization","name":"Epicurien","url":"https:\/\/www.theatromarrakech.com\/epicurien\/","logo":{"@type":"ImageObject","inLanguage":"en-US","@id":"https:\/\/www.theatromarrakech.com\/epicurien\/#\/schema\/logo\/image\/","url":"https:\/\/www.theatromarrakech.com\/epicurien\/wp-content\/uploads\/sites\/2\/2026\/01\/logo_epecurien-scaled-e1768368028657.png","contentUrl":"https:\/\/www.theatromarrakech.com\/epicurien\/wp-content\/uploads\/sites\/2\/2026\/01\/logo_epecurien-scaled-e1768368028657.png","width":200,"height":47,"caption":"Epicurien"},"image":{"@id":"https:\/\/www.theatromarrakech.com\/epicurien\/#\/schema\/logo\/image\/"},"sameAs":["https:\/\/www.facebook.com\/epicurien.marrakech\/","https:\/\/x.com\/epicurien_kech"]}]}},"acf":[],"_links":{"self":[{"href":"https:\/\/www.theatromarrakech.com\/epicurien\/wp-json\/wp\/v2\/pages\/1346","targetHints":{"allow":["GET"]}}],"collection":[{"href":"https:\/\/www.theatromarrakech.com\/epicurien\/wp-json\/wp\/v2\/pages"}],"about":[{"href":"https:\/\/www.theatromarrakech.com\/epicurien\/wp-json\/wp\/v2\/types\/page"}],"author":[{"embeddable":true,"href":"https:\/\/www.theatromarrakech.com\/epicurien\/wp-json\/wp\/v2\/users\/10"}],"replies":[{"embeddable":true,"href":"https:\/\/www.theatromarrakech.com\/epicurien\/wp-json\/wp\/v2\/comments?post=1346"}],"version-history":[{"count":0,"href":"https:\/\/www.theatromarrakech.com\/epicurien\/wp-json\/wp\/v2\/pages\/1346\/revisions"}],"wp:attachment":[{"href":"https:\/\/www.theatromarrakech.com\/epicurien\/wp-json\/wp\/v2\/media?parent=1346"}],"curies":[{"name":"wp","href":"https:\/\/api.w.org\/{rel}","templated":true}]}}