{"id":1339,"date":"2025-09-26T10:25:37","date_gmt":"2025-09-26T17:25:37","guid":{"rendered":"https:\/\/theatromarrake.wpenginepowered.com\/epicurien\/?page_id=1339"},"modified":"2026-04-02T16:58:05","modified_gmt":"2026-04-02T23:58:05","slug":"careers","status":"publish","type":"page","link":"https:\/\/www.theatromarrakech.com\/epicurien\/careers\/","title":{"rendered":"Emploi"},"content":{"rendered":"\n<style>.uvsec-block_ad821d6ed9b87f9fc28837ce8decca82{padding-top: 80px;padding-bottom: 40px;}@media (max-width: 600px){.uvsec-block_ad821d6ed9b87f9fc28837ce8decca82{padding-top: 0px;padding-bottom: 0px;}}<\/style><div id=\"block_ad821d6ed9b87f9fc28837ce8decca82\" class=\"uvsec-block_ad821d6ed9b87f9fc28837ce8decca82 uv-section uv-align-normal uv-color-sch-normal  uv-twocols-contentimg\" >\n    <div class=\"uv-section-inner\">\n        <div class=\"acf-innerblocks-container\">\n<div id='block_01b9a7317e7cfb8f73d5a77a39d3d97d' class='uv-two-col  '   ><div class='uvcol-wrapper'><div class='uv-col-50'  data-aos='fade-right' data-aos-once='true' data-aos-easing='linear' data-aos-duration='500'  ><div class='uv-col-50-content-wrapper '><div class='uv-title-wrapper'><h2 class='uv-two-cols-title uv-theme-title'><span>Emploi<\/span>Rejoignez notre \u00e9quipe<\/h2><\/div><div class='uv-col-content'><p>Soumettez votre CV \u00e0 <a href=\"mailto:job@theatromarrakech.com\" target=\"_blank\" rel=\"noopener\">emploi@epicurian.com<\/a><\/p>\n<\/div><div class='uv-button-group'><div class='uv-buttons  ' ><a href='https:\/\/forms.gle\/MGduRNHe3ahhkgrR9'  class='uv-btn uv-btn-p     uv-btn-z-normal' target='_blank' role='button' aria-label='Consultez les offres d'emploi (Opens in a new tab)' >Consultez les offres d&#8217;emploi<\/a><\/div><\/div><\/div><\/div><div class='uv-col-50'  data-aos='fade-left' data-aos-once='true' data-aos-easing='ease-in-out' data-aos-duration='500' ><div class=\"uv-simple-square-ratio\"><img alt=\"Dancers in pink costumes performing on stage under a \u201cshowtime\u201d sign\" src=https:\/\/www.theatromarrakech.com\/epicurien\/wp-content\/uploads\/sites\/2\/2026\/01\/showtime_stage_dancers_pink_costumes.jpg data-img=\"\"><\/div><\/div><\/div><\/div>\n<\/div>\n    <\/div>\n\n    \n    <\/div>","protected":false},"excerpt":{"rendered":"","protected":false},"author":2,"featured_media":0,"parent":0,"menu_order":0,"comment_status":"closed","ping_status":"open","template":"","meta":{"_acf_changed":true,"footnotes":""},"class_list":["post-1339","page","type-page","status-publish","hentry"],"yoast_head":"<!-- This site is optimized with the Yoast SEO plugin v26.7 - https:\/\/yoast.com\/wordpress\/plugins\/seo\/ -->\n<title>Emploi Epicurien Marrakech | Recrutement Essaadi<\/title>\n<meta name=\"description\" content=\"Rejoignez l\u2019\u00e9quipe d\u2019Epicurien \u00e0 Marrakech : opportunit\u00e9s de carri\u00e8re en restauration, bar et nightlife premium.\" \/>\n<meta name=\"robots\" content=\"index, follow, max-snippet:-1, max-image-preview:large, max-video-preview:-1\" \/>\n<link rel=\"canonical\" href=\"https:\/\/www.theatromarrakech.com\/epicurien\/careers\/\" \/>\n<meta property=\"og:locale\" content=\"en_US\" \/>\n<meta property=\"og:type\" content=\"article\" \/>\n<meta property=\"og:title\" content=\"Emploi Epicurien Marrakech | Recrutement Essaadi\" \/>\n<meta property=\"og:description\" content=\"Rejoignez l\u2019\u00e9quipe d\u2019Epicurien \u00e0 Marrakech : opportunit\u00e9s de carri\u00e8re en restauration, bar et nightlife premium.\" \/>\n<meta property=\"og:url\" content=\"https:\/\/www.theatromarrakech.com\/epicurien\/careers\/\" \/>\n<meta property=\"og:site_name\" content=\"Epicurien\" \/>\n<meta property=\"article:publisher\" content=\"https:\/\/www.facebook.com\/epicurien.marrakech\/\" \/>\n<meta property=\"article:modified_time\" content=\"2026-04-02T23:58:05+00:00\" \/>\n<meta name=\"twitter:card\" content=\"summary_large_image\" \/>\n<meta name=\"twitter:site\" content=\"@epicurien_kech\" \/>\n<script type=\"application\/ld+json\" class=\"yoast-schema-graph\">{\"@context\":\"https:\/\/schema.org\",\"@graph\":[{\"@type\":\"WebPage\",\"@id\":\"https:\/\/www.theatromarrakech.com\/epicurien\/careers\/\",\"url\":\"https:\/\/www.theatromarrakech.com\/epicurien\/careers\/\",\"name\":\"Emploi Epicurien Marrakech | Recrutement Essaadi\",\"isPartOf\":{\"@id\":\"https:\/\/www.theatromarrakech.com\/epicurien\/#website\"},\"datePublished\":\"2025-09-26T17:25:37+00:00\",\"dateModified\":\"2026-04-02T23:58:05+00:00\",\"description\":\"Rejoignez l\u2019\u00e9quipe d\u2019Epicurien \u00e0 Marrakech : opportunit\u00e9s de carri\u00e8re en restauration, bar et nightlife premium.\",\"breadcrumb\":{\"@id\":\"https:\/\/www.theatromarrakech.com\/epicurien\/careers\/#breadcrumb\"},\"inLanguage\":\"en-US\",\"potentialAction\":[{\"@type\":\"ReadAction\",\"target\":[\"https:\/\/www.theatromarrakech.com\/epicurien\/careers\/\"]}]},{\"@type\":\"BreadcrumbList\",\"@id\":\"https:\/\/www.theatromarrakech.com\/epicurien\/careers\/#breadcrumb\",\"itemListElement\":[{\"@type\":\"ListItem\",\"position\":1,\"name\":\"Home\",\"item\":\"https:\/\/www.theatromarrakech.com\/epicurien\/\"},{\"@type\":\"ListItem\",\"position\":2,\"name\":\"Emploi\"}]},{\"@type\":\"WebSite\",\"@id\":\"https:\/\/www.theatromarrakech.com\/epicurien\/#website\",\"url\":\"https:\/\/www.theatromarrakech.com\/epicurien\/\",\"name\":\"Epicurien\",\"description\":\"\",\"publisher\":{\"@id\":\"https:\/\/www.theatromarrakech.com\/epicurien\/#organization\"},\"potentialAction\":[{\"@type\":\"SearchAction\",\"target\":{\"@type\":\"EntryPoint\",\"urlTemplate\":\"https:\/\/www.theatromarrakech.com\/epicurien\/?s={search_term_string}\"},\"query-input\":{\"@type\":\"PropertyValueSpecification\",\"valueRequired\":true,\"valueName\":\"search_term_string\"}}],\"inLanguage\":\"en-US\"},{\"@type\":\"Organization\",\"@id\":\"https:\/\/www.theatromarrakech.com\/epicurien\/#organization\",\"name\":\"Epicurien\",\"url\":\"https:\/\/www.theatromarrakech.com\/epicurien\/\",\"logo\":{\"@type\":\"ImageObject\",\"inLanguage\":\"en-US\",\"@id\":\"https:\/\/www.theatromarrakech.com\/epicurien\/#\/schema\/logo\/image\/\",\"url\":\"https:\/\/www.theatromarrakech.com\/epicurien\/wp-content\/uploads\/sites\/2\/2026\/01\/logo_epecurien-scaled-e1768368028657.png\",\"contentUrl\":\"https:\/\/www.theatromarrakech.com\/epicurien\/wp-content\/uploads\/sites\/2\/2026\/01\/logo_epecurien-scaled-e1768368028657.png\",\"width\":200,\"height\":47,\"caption\":\"Epicurien\"},\"image\":{\"@id\":\"https:\/\/www.theatromarrakech.com\/epicurien\/#\/schema\/logo\/image\/\"},\"sameAs\":[\"https:\/\/www.facebook.com\/epicurien.marrakech\/\",\"https:\/\/x.com\/epicurien_kech\"]}]}<\/script>\n<!-- \/ Yoast SEO plugin. -->","yoast_head_json":{"title":"Emploi Epicurien Marrakech | Recrutement Essaadi","description":"Rejoignez l\u2019\u00e9quipe d\u2019Epicurien \u00e0 Marrakech : opportunit\u00e9s de carri\u00e8re en restauration, bar et nightlife premium.","robots":{"index":"index","follow":"follow","max-snippet":"max-snippet:-1","max-image-preview":"max-image-preview:large","max-video-preview":"max-video-preview:-1"},"canonical":"https:\/\/www.theatromarrakech.com\/epicurien\/careers\/","og_locale":"en_US","og_type":"article","og_title":"Emploi Epicurien Marrakech | Recrutement Essaadi","og_description":"Rejoignez l\u2019\u00e9quipe d\u2019Epicurien \u00e0 Marrakech : opportunit\u00e9s de carri\u00e8re en restauration, bar et nightlife premium.","og_url":"https:\/\/www.theatromarrakech.com\/epicurien\/careers\/","og_site_name":"Epicurien","article_publisher":"https:\/\/www.facebook.com\/epicurien.marrakech\/","article_modified_time":"2026-04-02T23:58:05+00:00","twitter_card":"summary_large_image","twitter_site":"@epicurien_kech","schema":{"@context":"https:\/\/schema.org","@graph":[{"@type":"WebPage","@id":"https:\/\/www.theatromarrakech.com\/epicurien\/careers\/","url":"https:\/\/www.theatromarrakech.com\/epicurien\/careers\/","name":"Emploi Epicurien Marrakech | Recrutement Essaadi","isPartOf":{"@id":"https:\/\/www.theatromarrakech.com\/epicurien\/#website"},"datePublished":"2025-09-26T17:25:37+00:00","dateModified":"2026-04-02T23:58:05+00:00","description":"Rejoignez l\u2019\u00e9quipe d\u2019Epicurien \u00e0 Marrakech : opportunit\u00e9s de carri\u00e8re en restauration, bar et nightlife premium.","breadcrumb":{"@id":"https:\/\/www.theatromarrakech.com\/epicurien\/careers\/#breadcrumb"},"inLanguage":"en-US","potentialAction":[{"@type":"ReadAction","target":["https:\/\/www.theatromarrakech.com\/epicurien\/careers\/"]}]},{"@type":"BreadcrumbList","@id":"https:\/\/www.theatromarrakech.com\/epicurien\/careers\/#breadcrumb","itemListElement":[{"@type":"ListItem","position":1,"name":"Home","item":"https:\/\/www.theatromarrakech.com\/epicurien\/"},{"@type":"ListItem","position":2,"name":"Emploi"}]},{"@type":"WebSite","@id":"https:\/\/www.theatromarrakech.com\/epicurien\/#website","url":"https:\/\/www.theatromarrakech.com\/epicurien\/","name":"Epicurien","description":"","publisher":{"@id":"https:\/\/www.theatromarrakech.com\/epicurien\/#organization"},"potentialAction":[{"@type":"SearchAction","target":{"@type":"EntryPoint","urlTemplate":"https:\/\/www.theatromarrakech.com\/epicurien\/?s={search_term_string}"},"query-input":{"@type":"PropertyValueSpecification","valueRequired":true,"valueName":"search_term_string"}}],"inLanguage":"en-US"},{"@type":"Organization","@id":"https:\/\/www.theatromarrakech.com\/epicurien\/#organization","name":"Epicurien","url":"https:\/\/www.theatromarrakech.com\/epicurien\/","logo":{"@type":"ImageObject","inLanguage":"en-US","@id":"https:\/\/www.theatromarrakech.com\/epicurien\/#\/schema\/logo\/image\/","url":"https:\/\/www.theatromarrakech.com\/epicurien\/wp-content\/uploads\/sites\/2\/2026\/01\/logo_epecurien-scaled-e1768368028657.png","contentUrl":"https:\/\/www.theatromarrakech.com\/epicurien\/wp-content\/uploads\/sites\/2\/2026\/01\/logo_epecurien-scaled-e1768368028657.png","width":200,"height":47,"caption":"Epicurien"},"image":{"@id":"https:\/\/www.theatromarrakech.com\/epicurien\/#\/schema\/logo\/image\/"},"sameAs":["https:\/\/www.facebook.com\/epicurien.marrakech\/","https:\/\/x.com\/epicurien_kech"]}]}},"acf":[],"_links":{"self":[{"href":"https:\/\/www.theatromarrakech.com\/epicurien\/wp-json\/wp\/v2\/pages\/1339","targetHints":{"allow":["GET"]}}],"collection":[{"href":"https:\/\/www.theatromarrakech.com\/epicurien\/wp-json\/wp\/v2\/pages"}],"about":[{"href":"https:\/\/www.theatromarrakech.com\/epicurien\/wp-json\/wp\/v2\/types\/page"}],"author":[{"embeddable":true,"href":"https:\/\/www.theatromarrakech.com\/epicurien\/wp-json\/wp\/v2\/users\/2"}],"replies":[{"embeddable":true,"href":"https:\/\/www.theatromarrakech.com\/epicurien\/wp-json\/wp\/v2\/comments?post=1339"}],"version-history":[{"count":0,"href":"https:\/\/www.theatromarrakech.com\/epicurien\/wp-json\/wp\/v2\/pages\/1339\/revisions"}],"wp:attachment":[{"href":"https:\/\/www.theatromarrakech.com\/epicurien\/wp-json\/wp\/v2\/media?parent=1339"}],"curies":[{"name":"wp","href":"https:\/\/api.w.org\/{rel}","templated":true}]}}